{"id":4123,"date":"2017-10-11T15:34:30","date_gmt":"2017-10-11T14:34:30","guid":{"rendered":"https:\/\/pinturasalou.com\/?page_id=4123"},"modified":"2019-03-15T15:39:30","modified_gmt":"2019-03-15T14:39:30","slug":"rehabilitacio-i-pintura-de-facanes","status":"publish","type":"page","link":"https:\/\/pinturasalou.com\/ca\/rehabilitacio-i-pintura-de-facanes\/","title":{"rendered":"Rehabilitaci\u00f3 i pintura de fa\u00e7anes"},"content":{"rendered":"","protected":false},"excerpt":{"rendered":"","protected":false},"author":1,"featured_media":0,"parent":0,"menu_order":0,"comment_status":"closed","ping_status":"closed","template":"","meta":{"footnotes":""},"class_list":["post-4123","page","type-page","status-publish","hentry"],"yoast_head":"<!-- This site is optimized with the Yoast SEO plugin v26.7 - https:\/\/yoast.com\/wordpress\/plugins\/seo\/ -->\n<title>Rehabilitaci\u00f3 i pintura de fa\u00e7anes d&#039;edificis | Pinturas Salou SL<\/title>\n<meta name=\"description\" content=\"Pintures Salou SL estem especialitzats en tot tipus de treballs de rehabilitaci\u00f3 i pintures de fa\u00e7anes reballs de revestiment i impermeabilitzaci\u00f3.\" \/>\n<meta name=\"robots\" content=\"index, follow, max-snippet:-1, max-image-preview:large, max-video-preview:-1\" \/>\n<link rel=\"canonical\" href=\"https:\/\/pinturasalou.com\/ca\/rehabilitacio-i-pintura-de-facanes\/\" \/>\n<meta property=\"og:locale\" content=\"ca_ES\" \/>\n<meta property=\"og:type\" content=\"article\" \/>\n<meta property=\"og:title\" content=\"Rehabilitaci\u00f3 i pintura de fa\u00e7anes d&#039;edificis | Pinturas Salou SL\" \/>\n<meta property=\"og:description\" content=\"Pintures Salou SL estem especialitzats en tot tipus de treballs de rehabilitaci\u00f3 i pintures de fa\u00e7anes reballs de revestiment i impermeabilitzaci\u00f3.\" \/>\n<meta property=\"og:url\" content=\"https:\/\/pinturasalou.com\/ca\/rehabilitacio-i-pintura-de-facanes\/\" \/>\n<meta property=\"og:site_name\" content=\"Pinturas Salou SL: Empresa de pintores, pintura de fachadas e impermeabilizaciones en Salou\" \/>\n<meta property=\"article:publisher\" content=\"https:\/\/www.facebook.com\/Pinturas-Decorativas-JM-625612097456760\/\" \/>\n<meta property=\"article:modified_time\" content=\"2019-03-15T14:39:30+00:00\" \/>\n<meta name=\"twitter:card\" content=\"summary_large_image\" \/>\n<meta name=\"twitter:label1\" content=\"Temps estimat de lectura\" \/>\n\t<meta name=\"twitter:data1\" content=\"20 minuts\" \/>\n<script type=\"application\/ld+json\" class=\"yoast-schema-graph\">{\"@context\":\"https:\/\/schema.org\",\"@graph\":[{\"@type\":\"WebPage\",\"@id\":\"https:\/\/pinturasalou.com\/ca\/rehabilitacio-i-pintura-de-facanes\/\",\"url\":\"https:\/\/pinturasalou.com\/ca\/rehabilitacio-i-pintura-de-facanes\/\",\"name\":\"Rehabilitaci\u00f3 i pintura de fa\u00e7anes d'edificis | Pinturas Salou SL\",\"isPartOf\":{\"@id\":\"https:\/\/pinturasalou.com\/#website\"},\"datePublished\":\"2017-10-11T14:34:30+00:00\",\"dateModified\":\"2019-03-15T14:39:30+00:00\",\"description\":\"Pintures Salou SL estem especialitzats en tot tipus de treballs de rehabilitaci\u00f3 i pintures de fa\u00e7anes reballs de revestiment i impermeabilitzaci\u00f3.\",\"breadcrumb\":{\"@id\":\"https:\/\/pinturasalou.com\/ca\/rehabilitacio-i-pintura-de-facanes\/#breadcrumb\"},\"inLanguage\":\"ca\",\"potentialAction\":[{\"@type\":\"ReadAction\",\"target\":[\"https:\/\/pinturasalou.com\/ca\/rehabilitacio-i-pintura-de-facanes\/\"]}]},{\"@type\":\"BreadcrumbList\",\"@id\":\"https:\/\/pinturasalou.com\/ca\/rehabilitacio-i-pintura-de-facanes\/#breadcrumb\",\"itemListElement\":[{\"@type\":\"ListItem\",\"position\":1,\"name\":\"Inicio\",\"item\":\"https:\/\/pinturasalou.com\/ca\/\"},{\"@type\":\"ListItem\",\"position\":2,\"name\":\"Rehabilitaci\u00f3 i pintura de fa\u00e7anes\"}]},{\"@type\":\"WebSite\",\"@id\":\"https:\/\/pinturasalou.com\/#website\",\"url\":\"https:\/\/pinturasalou.com\/\",\"name\":\"Pinturas Salou SL: Empresa de pintores, pintura de fachadas e impermeabilizaciones en Salou\",\"description\":\"Servicios de pintor en Salou, rehabilitaci\u00f3n y pintura de fachadas, impermeabilizaciones, revestimientos y microcemento\",\"publisher\":{\"@id\":\"https:\/\/pinturasalou.com\/#organization\"},\"potentialAction\":[{\"@type\":\"SearchAction\",\"target\":{\"@type\":\"EntryPoint\",\"urlTemplate\":\"https:\/\/pinturasalou.com\/?s={search_term_string}\"},\"query-input\":{\"@type\":\"PropertyValueSpecification\",\"valueRequired\":true,\"valueName\":\"search_term_string\"}}],\"inLanguage\":\"ca\"},{\"@type\":\"Organization\",\"@id\":\"https:\/\/pinturasalou.com\/#organization\",\"name\":\"Pinturas Salou SL\",\"url\":\"https:\/\/pinturasalou.com\/\",\"logo\":{\"@type\":\"ImageObject\",\"inLanguage\":\"ca\",\"@id\":\"https:\/\/pinturasalou.com\/#\/schema\/logo\/image\/\",\"url\":\"https:\/\/pinturasalou.com\/wp-content\/uploads\/2019\/03\/logo.png\",\"contentUrl\":\"https:\/\/pinturasalou.com\/wp-content\/uploads\/2019\/03\/logo.png\",\"width\":350,\"height\":90,\"caption\":\"Pinturas Salou SL\"},\"image\":{\"@id\":\"https:\/\/pinturasalou.com\/#\/schema\/logo\/image\/\"},\"sameAs\":[\"https:\/\/www.facebook.com\/Pinturas-Decorativas-JM-625612097456760\/\"]}]}<\/script>\n<!-- \/ Yoast SEO plugin. -->","yoast_head_json":{"title":"Rehabilitaci\u00f3 i pintura de fa\u00e7anes d'edificis | Pinturas Salou SL","description":"Pintures Salou SL estem especialitzats en tot tipus de treballs de rehabilitaci\u00f3 i pintures de fa\u00e7anes reballs de revestiment i impermeabilitzaci\u00f3.","robots":{"index":"index","follow":"follow","max-snippet":"max-snippet:-1","max-image-preview":"max-image-preview:large","max-video-preview":"max-video-preview:-1"},"canonical":"https:\/\/pinturasalou.com\/ca\/rehabilitacio-i-pintura-de-facanes\/","og_locale":"ca_ES","og_type":"article","og_title":"Rehabilitaci\u00f3 i pintura de fa\u00e7anes d'edificis | Pinturas Salou SL","og_description":"Pintures Salou SL estem especialitzats en tot tipus de treballs de rehabilitaci\u00f3 i pintures de fa\u00e7anes reballs de revestiment i impermeabilitzaci\u00f3.","og_url":"https:\/\/pinturasalou.com\/ca\/rehabilitacio-i-pintura-de-facanes\/","og_site_name":"Pinturas Salou SL: Empresa de pintores, pintura de fachadas e impermeabilizaciones en Salou","article_publisher":"https:\/\/www.facebook.com\/Pinturas-Decorativas-JM-625612097456760\/","article_modified_time":"2019-03-15T14:39:30+00:00","twitter_card":"summary_large_image","twitter_misc":{"Temps estimat de lectura":"20 minuts"},"schema":{"@context":"https:\/\/schema.org","@graph":[{"@type":"WebPage","@id":"https:\/\/pinturasalou.com\/ca\/rehabilitacio-i-pintura-de-facanes\/","url":"https:\/\/pinturasalou.com\/ca\/rehabilitacio-i-pintura-de-facanes\/","name":"Rehabilitaci\u00f3 i pintura de fa\u00e7anes d'edificis | Pinturas Salou SL","isPartOf":{"@id":"https:\/\/pinturasalou.com\/#website"},"datePublished":"2017-10-11T14:34:30+00:00","dateModified":"2019-03-15T14:39:30+00:00","description":"Pintures Salou SL estem especialitzats en tot tipus de treballs de rehabilitaci\u00f3 i pintures de fa\u00e7anes reballs de revestiment i impermeabilitzaci\u00f3.","breadcrumb":{"@id":"https:\/\/pinturasalou.com\/ca\/rehabilitacio-i-pintura-de-facanes\/#breadcrumb"},"inLanguage":"ca","potentialAction":[{"@type":"ReadAction","target":["https:\/\/pinturasalou.com\/ca\/rehabilitacio-i-pintura-de-facanes\/"]}]},{"@type":"BreadcrumbList","@id":"https:\/\/pinturasalou.com\/ca\/rehabilitacio-i-pintura-de-facanes\/#breadcrumb","itemListElement":[{"@type":"ListItem","position":1,"name":"Inicio","item":"https:\/\/pinturasalou.com\/ca\/"},{"@type":"ListItem","position":2,"name":"Rehabilitaci\u00f3 i pintura de fa\u00e7anes"}]},{"@type":"WebSite","@id":"https:\/\/pinturasalou.com\/#website","url":"https:\/\/pinturasalou.com\/","name":"Pinturas Salou SL: Empresa de pintores, pintura de fachadas e impermeabilizaciones en Salou","description":"Servicios de pintor en Salou, rehabilitaci\u00f3n y pintura de fachadas, impermeabilizaciones, revestimientos y microcemento","publisher":{"@id":"https:\/\/pinturasalou.com\/#organization"},"potentialAction":[{"@type":"SearchAction","target":{"@type":"EntryPoint","urlTemplate":"https:\/\/pinturasalou.com\/?s={search_term_string}"},"query-input":{"@type":"PropertyValueSpecification","valueRequired":true,"valueName":"search_term_string"}}],"inLanguage":"ca"},{"@type":"Organization","@id":"https:\/\/pinturasalou.com\/#organization","name":"Pinturas Salou SL","url":"https:\/\/pinturasalou.com\/","logo":{"@type":"ImageObject","inLanguage":"ca","@id":"https:\/\/pinturasalou.com\/#\/schema\/logo\/image\/","url":"https:\/\/pinturasalou.com\/wp-content\/uploads\/2019\/03\/logo.png","contentUrl":"https:\/\/pinturasalou.com\/wp-content\/uploads\/2019\/03\/logo.png","width":350,"height":90,"caption":"Pinturas Salou SL"},"image":{"@id":"https:\/\/pinturasalou.com\/#\/schema\/logo\/image\/"},"sameAs":["https:\/\/www.facebook.com\/Pinturas-Decorativas-JM-625612097456760\/"]}]}},"_links":{"self":[{"href":"https:\/\/pinturasalou.com\/ca\/wp-json\/wp\/v2\/pages\/4123","targetHints":{"allow":["GET"]}}],"collection":[{"href":"https:\/\/pinturasalou.com\/ca\/wp-json\/wp\/v2\/pages"}],"about":[{"href":"https:\/\/pinturasalou.com\/ca\/wp-json\/wp\/v2\/types\/page"}],"author":[{"embeddable":true,"href":"https:\/\/pinturasalou.com\/ca\/wp-json\/wp\/v2\/users\/1"}],"replies":[{"embeddable":true,"href":"https:\/\/pinturasalou.com\/ca\/wp-json\/wp\/v2\/comments?post=4123"}],"version-history":[{"count":4,"href":"https:\/\/pinturasalou.com\/ca\/wp-json\/wp\/v2\/pages\/4123\/revisions"}],"predecessor-version":[{"id":4357,"href":"https:\/\/pinturasalou.com\/ca\/wp-json\/wp\/v2\/pages\/4123\/revisions\/4357"}],"wp:attachment":[{"href":"https:\/\/pinturasalou.com\/ca\/wp-json\/wp\/v2\/media?parent=4123"}],"curies":[{"name":"wp","href":"https:\/\/api.w.org\/{rel}","templated":true}]}}